{"id":103182,"date":"2024-07-15T10:15:55","date_gmt":"2024-07-15T15:15:55","guid":{"rendered":"https:\/\/arcticwolf.com\/securite-des-informations\/"},"modified":"2024-07-15T10:25:53","modified_gmt":"2024-07-15T15:25:53","slug":"securite-des-informations","status":"publish","type":"page","link":"https:\/\/arcticwolf.com\/fr\/securite-des-informations\/","title":{"rendered":"S\u00e9curit\u00e9 des informations"},"content":{"rendered":"\t\t<div data-elementor-type=\"wp-page\" data-elementor-id=\"103182\" class=\"elementor elementor-103182 elementor-47496\" data-elementor-post-type=\"page\">\n\t\t\t\t\t\t<section data-particle_enable=\"false\" data-particle-mobile-disabled=\"false\" class=\"elementor-section elementor-top-section elementor-element elementor-element-6551f8e3 elementor-section-stretched elementor-section-content-top elementor-section-boxed elementor-section-height-default elementor-section-height-default\" data-id=\"6551f8e3\" data-element_type=\"section\" data-e-type=\"section\" data-settings=\"{&quot;stretch_section&quot;:&quot;section-stretched&quot;,&quot;background_background&quot;:&quot;classic&quot;,&quot;_ha_eqh_enable&quot;:false}\">\n\t\t\t\t\t\t<div class=\"elementor-container elementor-column-gap-default\">\n\t\t\t\t\t<div class=\"elementor-column elementor-col-100 elementor-top-column elementor-element elementor-element-76f863fe\" data-id=\"76f863fe\" data-element_type=\"column\" data-e-type=\"column\">\n\t\t\t<div class=\"elementor-widget-wrap elementor-element-populated\">\n\t\t\t\t\t\t<div class=\"elementor-element elementor-element-d74aebe elementor-invisible elementor-widget elementor-widget-heading\" data-id=\"d74aebe\" data-element_type=\"widget\" data-e-type=\"widget\" data-settings=\"{&quot;_animation&quot;:&quot;fadeInDown&quot;,&quot;_animation_delay&quot;:200}\" data-widget_type=\"heading.default\">\n\t\t\t\t<div class=\"elementor-widget-container\">\n\t\t\t\t\t<h1 class=\"elementor-heading-title elementor-size-default\">S\u00e9curit\u00e9 de l\u2019information chez Arctic Wolf\n<\/h1>\t\t\t\t<\/div>\n\t\t\t\t<\/div>\n\t\t\t\t\t<\/div>\n\t\t<\/div>\n\t\t\t\t\t<\/div>\n\t\t<\/section>\n\t\t\t\t<section data-particle_enable=\"false\" data-particle-mobile-disabled=\"false\" class=\"elementor-section elementor-top-section elementor-element elementor-element-018eb7a elementor-section-content-top terms elementor-section-boxed elementor-section-height-default elementor-section-height-default\" data-id=\"018eb7a\" data-element_type=\"section\" data-e-type=\"section\" data-settings=\"{&quot;background_background&quot;:&quot;classic&quot;,&quot;_ha_eqh_enable&quot;:false}\">\n\t\t\t\t\t\t<div class=\"elementor-container elementor-column-gap-no\">\n\t\t\t\t\t<div class=\"elementor-column elementor-col-100 elementor-top-column elementor-element elementor-element-c3a258b\" data-id=\"c3a258b\" data-element_type=\"column\" data-e-type=\"column\">\n\t\t\t<div class=\"elementor-widget-wrap elementor-element-populated\">\n\t\t\t\t\t\t<div class=\"elementor-element elementor-element-9e58022 elementor-widget elementor-widget-html\" data-id=\"9e58022\" data-element_type=\"widget\" data-e-type=\"widget\" data-widget_type=\"html.default\">\n\t\t\t\t<div class=\"elementor-widget-container\">\n\t\t\t\t\t<style>\nb {font-weight: bold;}\nem {font-style: italic;}\nu {text-decoration: underline;}\n<\/style>\t\t\t\t<\/div>\n\t\t\t\t<\/div>\n\t\t\t\t<div class=\"elementor-element elementor-element-a9b6514 elementor-invisible elementor-widget elementor-widget-html\" data-id=\"a9b6514\" data-element_type=\"widget\" data-e-type=\"widget\" data-settings=\"{&quot;_animation&quot;:&quot;fadeIn&quot;,&quot;_animation_delay&quot;:700}\" data-widget_type=\"html.default\">\n\t\t\t\t<div class=\"elementor-widget-container\">\n\t\t\t\t\t<style>\n\t.terms_table {\n\t\tborder: 1px solid black;\n\t\tborder-collapse: collapse;\n    \tborder-spacing: unset;\n\t}\n\n\t.terms_table th {\n\t\tfont-weight: bold;\n\t}\n\n\t.terms_table th, .terms_table td {\n\t\tborder: 1px solid black;\n\t\tpadding: 10px;\n\t}\n<\/style>\n\n<h2>Nous accordons une importance primordiale \u00e0 la protection des donn\u00e9es<\/h2><br \/>\nLa protection des informations clients est un \u00e9l\u00e9ment crucial de notre mod\u00e8le \u00e9conomique. Elle est int\u00e9gr\u00e9e \u00e0 notre culture sous la forme de formalisations de politiques et de proc\u00e9dures et de contr\u00f4les aff\u00e9rents. Nous concevons notre environnement de livraison de produits\/services et nos syst\u00e8mes de support \u00e0 l\u2019aide de mod\u00e8les de cloud computing s\u00e9curis\u00e9s. Pour garantir que notre architecture s\u00e9curis\u00e9e fonctionne conform\u00e9ment aux sp\u00e9cifications de performances et de s\u00e9curit\u00e9, nous avons mis en \u0153uvre un programme de s\u00e9curit\u00e9 de l'information utilisant la norme ISO\/IEC 27001\/27002 et les principes des services de confiance de l'AICPA comme cadres de s\u00e9curit\u00e9.<br \/>\n<br \/>\n<h2>Comment nous prot\u00e9geons vos donn\u00e9es<\/h2><br>\nPour respecter notre engagement envers nos principes de s\u00e9curit\u00e9 et de confidentialit\u00e9, Arctic Wolf a mis en \u0153uvre les \u00e9l\u00e9ments suivants\u00a0: <br \/>\n<br \/>\n<ul style=\"margin: 0 0 20px 45px; list-style: disc;\">\n<li>Nous r\u00e9visons continuellement nos mesures de s\u00e9curit\u00e9 et de confidentialit\u00e9 pour garantir que toutes les donn\u00e9es clients que nous collectons et traitons sur nos syst\u00e8mes sont prot\u00e9g\u00e9es de mani\u00e8re ad\u00e9quate. <\/li>\n<li>Nous formons nos employ\u00e9s aux pratiques de s\u00e9curit\u00e9 et de confidentialit\u00e9 (1) lors de l'embauche, (2) en continu pendant leur emploi et (3) chaque ann\u00e9e. <\/li>\n<li>Nos contrats avec des fournisseurs tiers contiennent des conditions garantissant que les fournisseurs traitant les donn\u00e9es des clients disposent de contr\u00f4les ad\u00e9quats en mati\u00e8re de protection des donn\u00e9es et de confidentialit\u00e9.<\/li>\n<li>Nous avons int\u00e9gr\u00e9 nos contr\u00f4les de s\u00e9curit\u00e9 et de confidentialit\u00e9 dans nos proc\u00e9dures op\u00e9rationnelles standard. <\/li>\n<li>Nous utilisons notre propre solution Managed Detection and Response pour d\u00e9tecter les menaces au sein de notre environnement et y faire face. Nous utilisons notre solution Managed Risk pour d\u00e9terminer les vuln\u00e9rabilit\u00e9s des points de terminaison et pour g\u00e9rer et prioriser les correctifs afin de r\u00e9duire l\u2019exposition aux cyber-risques.<\/li>\n<li>Notre programme complet de gestion de la s\u00e9curit\u00e9 de l\u2019information \u00e0 l\u2019\u00e9chelle de l\u2019organisation adopte une approche bas\u00e9e sur les risques pour mettre en \u0153uvre des contr\u00f4les de s\u00e9curit\u00e9 de d\u00e9fense en profondeur. Parmi les principaux contr\u00f4les de s\u00e9curit\u00e9, on peut citer <\/li>Les contr\u00f4les comprennent\u00a0:\n<ul style=\"margin: 0 0 20px 45px; list-style: circle;\">\n<li>Mise \u00e0 jour des politiques de s\u00e9curit\u00e9 des informations <\/li>\n<li>V\u00e9rification des ant\u00e9c\u00e9dents des employ\u00e9s d'Arctic Wolf dans la mesure permise par la loi <\/li>\n<li>Formation obligatoire des nouvelles recrues, formation continue et annuelle de sensibilisation \u00e0 la s\u00e9curit\u00e9 <\/li>\n<li>Processus de gestion des risques li\u00e9s \u00e0 la s\u00e9curit\u00e9 et \u00e0 la confidentialit\u00e9 des fournisseurs <\/li>\n<li>Processus de classification, de traitement et de conservation des informations <\/li>\n<li>Utilisation des solutions Managed Detection and Response et Managed Risk d'Arctic Wolf dans ses propres environnements<\/li>\n<li>Limitation de l'acc\u00e8s aux donn\u00e9es clients sur la base des principes du moindre privil\u00e8ge <\/li>\n<li>Gestion permanente de l'acc\u00e8s des employ\u00e9s aux donn\u00e9es clients <\/li>\n<li>Protection des points de terminaison pour les appareils g\u00e9r\u00e9s par Arctic Wolf <\/li>\n<li>S\u00e9curit\u00e9 du r\u00e9seau <\/li>\n<li>Processus de gestion du changement <\/li>\n<li>Gestion des correctifs pour les points de terminaison<\/li>\n<li>Processus s\u00e9curis\u00e9s du cycle de vie du d\u00e9veloppement logiciel<\/li>\n<li>Processus de continuit\u00e9 des activit\u00e9s et de reprise apr\u00e8s sinistre<\/li>\n<li>Processus de r\u00e9ponse aux incidents de s\u00e9curit\u00e9 de l'information<\/li>\n<\/ul><\/li><\/ul>\n<br \/>\n\t\t\t\t<\/div>\n\t\t\t\t<\/div>\n\t\t\t\t\t<\/div>\n\t\t<\/div>\n\t\t\t\t\t<\/div>\n\t\t<\/section>\n\t\t\t\t<section data-particle_enable=\"false\" data-particle-mobile-disabled=\"false\" class=\"elementor-section elementor-top-section elementor-element elementor-element-661fd95 elementor-section-boxed elementor-section-height-default elementor-section-height-default\" data-id=\"661fd95\" data-element_type=\"section\" data-e-type=\"section\" data-settings=\"{&quot;background_background&quot;:&quot;classic&quot;,&quot;_ha_eqh_enable&quot;:false}\">\n\t\t\t\t\t\t<div class=\"elementor-container elementor-column-gap-default\">\n\t\t\t\t\t<div class=\"elementor-column elementor-col-100 elementor-top-column elementor-element elementor-element-970eb4d\" data-id=\"970eb4d\" data-element_type=\"column\" data-e-type=\"column\">\n\t\t\t<div class=\"elementor-widget-wrap elementor-element-populated\">\n\t\t\t\t\t\t<section data-particle_enable=\"false\" data-particle-mobile-disabled=\"false\" class=\"elementor-section elementor-inner-section elementor-element elementor-element-5d56015 elementor-section-boxed elementor-section-height-default elementor-section-height-default\" data-id=\"5d56015\" data-element_type=\"section\" data-e-type=\"section\" data-settings=\"{&quot;_ha_eqh_enable&quot;:false}\">\n\t\t\t\t\t\t<div class=\"elementor-container elementor-column-gap-default\">\n\t\t\t\t\t<div class=\"elementor-column elementor-col-100 elementor-inner-column elementor-element elementor-element-bf10657\" data-id=\"bf10657\" data-element_type=\"column\" data-e-type=\"column\">\n\t\t\t<div class=\"elementor-widget-wrap elementor-element-populated\">\n\t\t\t\t\t\t<div class=\"elementor-element elementor-element-c30518f elementor-invisible elementor-widget elementor-widget-heading\" data-id=\"c30518f\" data-element_type=\"widget\" data-e-type=\"widget\" data-settings=\"{&quot;_animation&quot;:&quot;fadeInDown&quot;}\" data-widget_type=\"heading.default\">\n\t\t\t\t<div class=\"elementor-widget-container\">\n\t\t\t\t\t<h2 class=\"elementor-heading-title elementor-size-default\">Accr\u00e9ditations\/Certifications<\/h2>\t\t\t\t<\/div>\n\t\t\t\t<\/div>\n\t\t\t\t<div class=\"elementor-element elementor-element-f4e039f elementor-invisible elementor-widget elementor-widget-text-editor\" data-id=\"f4e039f\" data-element_type=\"widget\" data-e-type=\"widget\" data-settings=\"{&quot;_animation&quot;:&quot;fadeInDown&quot;,&quot;_animation_delay&quot;:200}\" data-widget_type=\"text-editor.default\">\n\t\t\t\t<div class=\"elementor-widget-container\">\n\t\t\t\t\t\t\t\t\t<p>Arctic Wolf dispose d&rsquo;un rapport SOC 2 Type II et est \u00e9galement certifi\u00e9 ISO 27001.<\/p>\n\t\t\t\t\t\t\t\t<\/div>\n\t\t\t\t<\/div>\n\t\t\t\t\t<\/div>\n\t\t<\/div>\n\t\t\t\t\t<\/div>\n\t\t<\/section>\n\t\t\t\t<section data-particle_enable=\"false\" data-particle-mobile-disabled=\"false\" class=\"elementor-section elementor-inner-section elementor-element elementor-element-7445af6 elementor-section-boxed elementor-section-height-default elementor-section-height-default\" data-id=\"7445af6\" data-element_type=\"section\" data-e-type=\"section\" data-settings=\"{&quot;_ha_eqh_enable&quot;:false}\">\n\t\t\t\t\t\t<div class=\"elementor-container elementor-column-gap-default\">\n\t\t\t\t\t<div class=\"elementor-column elementor-col-50 elementor-inner-column elementor-element elementor-element-09636dd elementor-invisible\" data-id=\"09636dd\" data-element_type=\"column\" data-e-type=\"column\" data-settings=\"{&quot;background_background&quot;:&quot;classic&quot;,&quot;animation&quot;:&quot;fadeInUp&quot;,&quot;animation_delay&quot;:100}\">\n\t\t\t<div class=\"elementor-widget-wrap elementor-element-populated\">\n\t\t\t\t\t\t<div class=\"elementor-element elementor-element-6724c34 elementor-widget elementor-widget-image\" data-id=\"6724c34\" data-element_type=\"widget\" data-e-type=\"widget\" data-widget_type=\"image.default\">\n\t\t\t\t<div class=\"elementor-widget-container\">\n\t\t\t\t\t\t\t\t\t\t\t\t\t\t\t<img fetchpriority=\"high\" decoding=\"async\" width=\"359\" height=\"357\" src=\"https:\/\/arcticwolf.com\/wp-content\/uploads\/2018\/03\/21972-312_SOC_NonCPA.png\" class=\"attachment-large size-large wp-image-31809\" alt=\"AICPA SOC Logo\" srcset=\"https:\/\/arcticwolf.com\/wp-content\/uploads\/2018\/03\/21972-312_SOC_NonCPA.png 359w, https:\/\/arcticwolf.com\/wp-content\/uploads\/2018\/03\/21972-312_SOC_NonCPA-150x150.png 150w, https:\/\/arcticwolf.com\/wp-content\/uploads\/2018\/03\/21972-312_SOC_NonCPA-300x298.png 300w, https:\/\/arcticwolf.com\/wp-content\/uploads\/2018\/03\/21972-312_SOC_NonCPA-143x143.png 143w\" sizes=\"(max-width: 359px) 100vw, 359px\" \/>\t\t\t\t\t\t\t\t\t\t\t\t\t\t\t<\/div>\n\t\t\t\t<\/div>\n\t\t\t\t\t<\/div>\n\t\t<\/div>\n\t\t\t\t<div class=\"elementor-column elementor-col-50 elementor-inner-column elementor-element elementor-element-75ab356 elementor-invisible\" data-id=\"75ab356\" data-element_type=\"column\" data-e-type=\"column\" data-settings=\"{&quot;background_background&quot;:&quot;classic&quot;,&quot;animation&quot;:&quot;fadeInUp&quot;,&quot;animation_delay&quot;:300}\">\n\t\t\t<div class=\"elementor-widget-wrap elementor-element-populated\">\n\t\t\t\t\t\t<div class=\"elementor-element elementor-element-6bad4ea elementor-widget elementor-widget-image\" data-id=\"6bad4ea\" data-element_type=\"widget\" data-e-type=\"widget\" data-widget_type=\"image.default\">\n\t\t\t\t<div class=\"elementor-widget-container\">\n\t\t\t\t\t\t\t\t\t\t\t\t\t\t\t<img decoding=\"async\" width=\"600\" height=\"298\" data-src=\"https:\/\/arcticwolf.com\/wp-content\/uploads\/2019\/04\/Arctic_Cyberguard.png\" class=\"attachment-large size-large wp-image-48206 lazyload\" alt=\"ISO 27001 Logo\" data-srcset=\"https:\/\/arcticwolf.com\/wp-content\/uploads\/2019\/04\/Arctic_Cyberguard.png 600w, https:\/\/arcticwolf.com\/wp-content\/uploads\/2019\/04\/Arctic_Cyberguard-300x149.png 300w\" data-sizes=\"(max-width: 600px) 100vw, 600px\" src=\"data:image\/svg+xml;base64,PHN2ZyB3aWR0aD0iMSIgaGVpZ2h0PSIxIiB4bWxucz0iaHR0cDovL3d3dy53My5vcmcvMjAwMC9zdmciPjwvc3ZnPg==\" style=\"--smush-placeholder-width: 600px; --smush-placeholder-aspect-ratio: 600\/298;\" \/>\t\t\t\t\t\t\t\t\t\t\t\t\t\t\t<\/div>\n\t\t\t\t<\/div>\n\t\t\t\t\t<\/div>\n\t\t<\/div>\n\t\t\t\t\t<\/div>\n\t\t<\/section>\n\t\t\t\t\t<\/div>\n\t\t<\/div>\n\t\t\t\t\t<\/div>\n\t\t<\/section>\n\t\t\t\t<\/div>\n\t\t","protected":false},"excerpt":{"rendered":"<p>S\u00e9curit\u00e9 de l\u2019information chez Arctic Wolf Nous accordons une importance primordiale \u00e0 la protection des donn\u00e9es La protection des informations clients est un \u00e9l\u00e9ment crucial de notre mod\u00e8le \u00e9conomique. Elle est int\u00e9gr\u00e9e \u00e0 notre culture sous la forme de formalisations de politiques et de proc\u00e9dures et de contr\u00f4les aff\u00e9rents. Nous concevons notre environnement de livraison <a href=\"https:\/\/arcticwolf.com\/fr\/securite-des-informations\/\" class=\"more-link\">&#8230;<span class=\"screen-reader-text\">  S\u00e9curit\u00e9 des informations<\/span><\/a><\/p>\n","protected":false},"author":64,"featured_media":30933,"parent":0,"menu_order":0,"comment_status":"closed","ping_status":"closed","template":"","meta":{"footnotes":""},"class_list":["post-103182","page","type-page","status-publish","has-post-thumbnail","hentry"],"yoast_head":"<!-- This site is optimized with the Yoast SEO plugin v27.4 - https:\/\/yoast.com\/product\/yoast-seo-wordpress\/ -->\n<title>S\u00e9curit\u00e9 des informations | Arctic Wolf<\/title>\n<meta name=\"description\" content=\"La protection des informations client est un \u00e9l\u00e9ment crucial du mod\u00e8le commercial d&#039;Arctic Wolf. Elle est int\u00e9gr\u00e9e \u00e0 notre culture sous la forme de formalisations de politiques et de proc\u00e9dures et de contr\u00f4les aff\u00e9rents.\" \/>\n<meta name=\"robots\" content=\"index, follow, max-snippet:-1, max-image-preview:large, max-video-preview:-1\" \/>\n<link rel=\"canonical\" href=\"https:\/\/arcticwolf.com\/fr\/securite-des-informations\/\" \/>\n<meta property=\"og:locale\" content=\"fr_FR\" \/>\n<meta property=\"og:type\" content=\"article\" \/>\n<meta property=\"og:title\" content=\"S\u00e9curit\u00e9 des informations | Arctic Wolf\" \/>\n<meta property=\"og:description\" content=\"La protection des informations client est un \u00e9l\u00e9ment crucial du mod\u00e8le commercial d&#039;Arctic Wolf. Elle est int\u00e9gr\u00e9e \u00e0 notre culture sous la forme de formalisations de politiques et de proc\u00e9dures et de contr\u00f4les aff\u00e9rents.\" \/>\n<meta property=\"og:url\" content=\"https:\/\/arcticwolf.com\/fr\/securite-des-informations\/\" \/>\n<meta property=\"og:site_name\" content=\"Arctic Wolf\" \/>\n<meta property=\"article:publisher\" content=\"https:\/\/www.facebook.com\/ArcticWolfNetworks\" \/>\n<meta property=\"article:modified_time\" content=\"2024-07-15T15:25:53+00:00\" \/>\n<meta property=\"og:image\" content=\"https:\/\/arcticwolf.com\/wp-content\/uploads\/2024\/12\/aw-og-generic.png\" \/>\n\t<meta property=\"og:image:width\" content=\"2560\" \/>\n\t<meta property=\"og:image:height\" content=\"1440\" \/>\n\t<meta property=\"og:image:type\" content=\"image\/jpeg\" \/>\n<meta name=\"twitter:card\" content=\"summary_large_image\" \/>\n<meta name=\"twitter:site\" content=\"@AWNetworks\" \/>\n<script type=\"application\/ld+json\" class=\"yoast-schema-graph\">{\"@context\":\"https:\\\/\\\/schema.org\",\"@graph\":[{\"@type\":\"WebPage\",\"@id\":\"https:\\\/\\\/arcticwolf.com\\\/fr\\\/securite-des-informations\\\/\",\"url\":\"https:\\\/\\\/arcticwolf.com\\\/fr\\\/securite-des-informations\\\/\",\"name\":\"S\u00e9curit\u00e9 des informations | Arctic Wolf\",\"isPartOf\":{\"@id\":\"https:\\\/\\\/arcticwolf.com\\\/fr\\\/#website\"},\"primaryImageOfPage\":{\"@id\":\"https:\\\/\\\/arcticwolf.com\\\/fr\\\/securite-des-informations\\\/#primaryimage\"},\"image\":{\"@id\":\"https:\\\/\\\/arcticwolf.com\\\/fr\\\/securite-des-informations\\\/#primaryimage\"},\"thumbnailUrl\":\"https:\\\/\\\/arcticwolf.com\\\/wp-content\\\/uploads\\\/2024\\\/12\\\/aw-og-generic.png\",\"datePublished\":\"2024-07-15T15:15:55+00:00\",\"dateModified\":\"2024-07-15T15:25:53+00:00\",\"description\":\"La protection des informations client est un \u00e9l\u00e9ment crucial du mod\u00e8le commercial d'Arctic Wolf. Elle est int\u00e9gr\u00e9e \u00e0 notre culture sous la forme de formalisations de politiques et de proc\u00e9dures et de contr\u00f4les aff\u00e9rents.\",\"breadcrumb\":{\"@id\":\"https:\\\/\\\/arcticwolf.com\\\/fr\\\/securite-des-informations\\\/#breadcrumb\"},\"inLanguage\":\"fr-FR\",\"potentialAction\":[{\"@type\":\"ReadAction\",\"target\":[\"https:\\\/\\\/arcticwolf.com\\\/fr\\\/securite-des-informations\\\/\"]}]},{\"@type\":\"ImageObject\",\"inLanguage\":\"fr-FR\",\"@id\":\"https:\\\/\\\/arcticwolf.com\\\/fr\\\/securite-des-informations\\\/#primaryimage\",\"url\":\"https:\\\/\\\/arcticwolf.com\\\/wp-content\\\/uploads\\\/2024\\\/12\\\/aw-og-generic.png\",\"contentUrl\":\"https:\\\/\\\/arcticwolf.com\\\/wp-content\\\/uploads\\\/2024\\\/12\\\/aw-og-generic.png\",\"width\":2560,\"height\":1440},{\"@type\":\"BreadcrumbList\",\"@id\":\"https:\\\/\\\/arcticwolf.com\\\/fr\\\/securite-des-informations\\\/#breadcrumb\",\"itemListElement\":[{\"@type\":\"ListItem\",\"position\":1,\"name\":\"Home\",\"item\":\"https:\\\/\\\/arcticwolf.com\\\/fr\\\/\"},{\"@type\":\"ListItem\",\"position\":2,\"name\":\"S\u00e9curit\u00e9 des informations\"}]},{\"@type\":\"WebSite\",\"@id\":\"https:\\\/\\\/arcticwolf.com\\\/fr\\\/#website\",\"url\":\"https:\\\/\\\/arcticwolf.com\\\/fr\\\/\",\"name\":\"Arctic Wolf\",\"description\":\"The Leaders in Security Operations\",\"publisher\":{\"@id\":\"https:\\\/\\\/arcticwolf.com\\\/fr\\\/#organization\"},\"potentialAction\":[{\"@type\":\"SearchAction\",\"target\":{\"@type\":\"EntryPoint\",\"urlTemplate\":\"https:\\\/\\\/arcticwolf.com\\\/fr\\\/?s={search_term_string}\"},\"query-input\":{\"@type\":\"PropertyValueSpecification\",\"valueRequired\":true,\"valueName\":\"search_term_string\"}}],\"inLanguage\":\"fr-FR\"},{\"@type\":\"Organization\",\"@id\":\"https:\\\/\\\/arcticwolf.com\\\/fr\\\/#organization\",\"name\":\"Arctic Wolf Networks\",\"alternateName\":\"Arctic Wolf\",\"url\":\"https:\\\/\\\/arcticwolf.com\\\/fr\\\/\",\"logo\":{\"@type\":\"ImageObject\",\"inLanguage\":\"fr-FR\",\"@id\":\"https:\\\/\\\/arcticwolf.com\\\/fr\\\/#\\\/schema\\\/logo\\\/image\\\/\",\"url\":\"https:\\\/\\\/arcticwolf.com\\\/wp-content\\\/uploads\\\/2025\\\/01\\\/AW-Logo-Main-AuroraFY25.png\",\"contentUrl\":\"https:\\\/\\\/arcticwolf.com\\\/wp-content\\\/uploads\\\/2025\\\/01\\\/AW-Logo-Main-AuroraFY25.png\",\"width\":655,\"height\":232,\"caption\":\"Arctic Wolf Networks\"},\"image\":{\"@id\":\"https:\\\/\\\/arcticwolf.com\\\/fr\\\/#\\\/schema\\\/logo\\\/image\\\/\"},\"sameAs\":[\"https:\\\/\\\/www.facebook.com\\\/ArcticWolfNetworks\",\"https:\\\/\\\/x.com\\\/AWNetworks\",\"https:\\\/\\\/www.linkedin.com\\\/company\\\/arcticwolf\",\"https:\\\/\\\/www.youtube.com\\\/ArcticWolfNetworks\"]}]}<\/script>\n<!-- \/ Yoast SEO plugin. -->","yoast_head_json":{"title":"S\u00e9curit\u00e9 des informations | Arctic Wolf","description":"La protection des informations client est un \u00e9l\u00e9ment crucial du mod\u00e8le commercial d'Arctic Wolf. Elle est int\u00e9gr\u00e9e \u00e0 notre culture sous la forme de formalisations de politiques et de proc\u00e9dures et de contr\u00f4les aff\u00e9rents.","robots":{"index":"index","follow":"follow","max-snippet":"max-snippet:-1","max-image-preview":"max-image-preview:large","max-video-preview":"max-video-preview:-1"},"canonical":"https:\/\/arcticwolf.com\/fr\/securite-des-informations\/","og_locale":"fr_FR","og_type":"article","og_title":"S\u00e9curit\u00e9 des informations | Arctic Wolf","og_description":"La protection des informations client est un \u00e9l\u00e9ment crucial du mod\u00e8le commercial d'Arctic Wolf. Elle est int\u00e9gr\u00e9e \u00e0 notre culture sous la forme de formalisations de politiques et de proc\u00e9dures et de contr\u00f4les aff\u00e9rents.","og_url":"https:\/\/arcticwolf.com\/fr\/securite-des-informations\/","og_site_name":"Arctic Wolf","article_publisher":"https:\/\/www.facebook.com\/ArcticWolfNetworks","article_modified_time":"2024-07-15T15:25:53+00:00","og_image":[{"width":2560,"height":1440,"url":"https:\/\/arcticwolf.com\/wp-content\/uploads\/2024\/12\/aw-og-generic.png","type":"image\/jpeg"}],"twitter_card":"summary_large_image","twitter_site":"@AWNetworks","schema":{"@context":"https:\/\/schema.org","@graph":[{"@type":"WebPage","@id":"https:\/\/arcticwolf.com\/fr\/securite-des-informations\/","url":"https:\/\/arcticwolf.com\/fr\/securite-des-informations\/","name":"S\u00e9curit\u00e9 des informations | Arctic Wolf","isPartOf":{"@id":"https:\/\/arcticwolf.com\/fr\/#website"},"primaryImageOfPage":{"@id":"https:\/\/arcticwolf.com\/fr\/securite-des-informations\/#primaryimage"},"image":{"@id":"https:\/\/arcticwolf.com\/fr\/securite-des-informations\/#primaryimage"},"thumbnailUrl":"https:\/\/arcticwolf.com\/wp-content\/uploads\/2024\/12\/aw-og-generic.png","datePublished":"2024-07-15T15:15:55+00:00","dateModified":"2024-07-15T15:25:53+00:00","description":"La protection des informations client est un \u00e9l\u00e9ment crucial du mod\u00e8le commercial d'Arctic Wolf. Elle est int\u00e9gr\u00e9e \u00e0 notre culture sous la forme de formalisations de politiques et de proc\u00e9dures et de contr\u00f4les aff\u00e9rents.","breadcrumb":{"@id":"https:\/\/arcticwolf.com\/fr\/securite-des-informations\/#breadcrumb"},"inLanguage":"fr-FR","potentialAction":[{"@type":"ReadAction","target":["https:\/\/arcticwolf.com\/fr\/securite-des-informations\/"]}]},{"@type":"ImageObject","inLanguage":"fr-FR","@id":"https:\/\/arcticwolf.com\/fr\/securite-des-informations\/#primaryimage","url":"https:\/\/arcticwolf.com\/wp-content\/uploads\/2024\/12\/aw-og-generic.png","contentUrl":"https:\/\/arcticwolf.com\/wp-content\/uploads\/2024\/12\/aw-og-generic.png","width":2560,"height":1440},{"@type":"BreadcrumbList","@id":"https:\/\/arcticwolf.com\/fr\/securite-des-informations\/#breadcrumb","itemListElement":[{"@type":"ListItem","position":1,"name":"Home","item":"https:\/\/arcticwolf.com\/fr\/"},{"@type":"ListItem","position":2,"name":"S\u00e9curit\u00e9 des informations"}]},{"@type":"WebSite","@id":"https:\/\/arcticwolf.com\/fr\/#website","url":"https:\/\/arcticwolf.com\/fr\/","name":"Arctic Wolf","description":"The Leaders in Security Operations","publisher":{"@id":"https:\/\/arcticwolf.com\/fr\/#organization"},"potentialAction":[{"@type":"SearchAction","target":{"@type":"EntryPoint","urlTemplate":"https:\/\/arcticwolf.com\/fr\/?s={search_term_string}"},"query-input":{"@type":"PropertyValueSpecification","valueRequired":true,"valueName":"search_term_string"}}],"inLanguage":"fr-FR"},{"@type":"Organization","@id":"https:\/\/arcticwolf.com\/fr\/#organization","name":"Arctic Wolf Networks","alternateName":"Arctic Wolf","url":"https:\/\/arcticwolf.com\/fr\/","logo":{"@type":"ImageObject","inLanguage":"fr-FR","@id":"https:\/\/arcticwolf.com\/fr\/#\/schema\/logo\/image\/","url":"https:\/\/arcticwolf.com\/wp-content\/uploads\/2025\/01\/AW-Logo-Main-AuroraFY25.png","contentUrl":"https:\/\/arcticwolf.com\/wp-content\/uploads\/2025\/01\/AW-Logo-Main-AuroraFY25.png","width":655,"height":232,"caption":"Arctic Wolf Networks"},"image":{"@id":"https:\/\/arcticwolf.com\/fr\/#\/schema\/logo\/image\/"},"sameAs":["https:\/\/www.facebook.com\/ArcticWolfNetworks","https:\/\/x.com\/AWNetworks","https:\/\/www.linkedin.com\/company\/arcticwolf","https:\/\/www.youtube.com\/ArcticWolfNetworks"]}]}},"_links":{"self":[{"href":"https:\/\/arcticwolf.com\/fr\/wp-json\/wp\/v2\/pages\/103182","targetHints":{"allow":["GET"]}}],"collection":[{"href":"https:\/\/arcticwolf.com\/fr\/wp-json\/wp\/v2\/pages"}],"about":[{"href":"https:\/\/arcticwolf.com\/fr\/wp-json\/wp\/v2\/types\/page"}],"author":[{"embeddable":true,"href":"https:\/\/arcticwolf.com\/fr\/wp-json\/wp\/v2\/users\/64"}],"replies":[{"embeddable":true,"href":"https:\/\/arcticwolf.com\/fr\/wp-json\/wp\/v2\/comments?post=103182"}],"version-history":[{"count":0,"href":"https:\/\/arcticwolf.com\/fr\/wp-json\/wp\/v2\/pages\/103182\/revisions"}],"wp:featuredmedia":[{"embeddable":true,"href":"https:\/\/arcticwolf.com\/fr\/wp-json\/wp\/v2\/media\/30933"}],"wp:attachment":[{"href":"https:\/\/arcticwolf.com\/fr\/wp-json\/wp\/v2\/media?parent=103182"}],"curies":[{"name":"wp","href":"https:\/\/api.w.org\/{rel}","templated":true}]}}